{"id":97,"date":"2024-06-04T22:38:27","date_gmt":"2024-06-04T22:38:27","guid":{"rendered":"https:\/\/inssafreight.com.gt\/?page_id=97"},"modified":"2025-05-06T22:44:38","modified_gmt":"2025-05-06T22:44:38","slug":"quienes-somos","status":"publish","type":"page","link":"https:\/\/inssafreight.com.gt\/eng\/quienes-somos\/","title":{"rendered":"About us"},"content":{"rendered":"<div data-elementor-type=\"wp-page\" data-elementor-id=\"97\" class=\"elementor elementor-97\" data-elementor-post-type=\"page\">\n\t\t\t\t\t\t<section class=\"elementor-section elementor-top-section elementor-element elementor-element-1bbdcf5c elementor-section-height-min-height elementor-section-boxed elementor-section-height-default elementor-section-items-middle\" data-id=\"1bbdcf5c\" data-element_type=\"section\" data-settings=\"{&quot;background_background&quot;:&quot;classic&quot;}\">\n\t\t\t\t\t\t\t<div class=\"elementor-background-overlay\"><\/div>\n\t\t\t\t\t\t\t<div class=\"elementor-container elementor-column-gap-default\">\n\t\t\t\t\t<div class=\"elementor-column elementor-col-100 elementor-top-column elementor-element elementor-element-1cd8366b\" data-id=\"1cd8366b\" data-element_type=\"column\">\n\t\t\t<div class=\"elementor-widget-wrap elementor-element-populated\">\n\t\t\t\t\t\t<div class=\"elementor-element elementor-element-1ceeb16b elementor-widget elementor-widget-heading\" data-id=\"1ceeb16b\" data-element_type=\"widget\" data-settings=\"{&quot;_animation&quot;:&quot;none&quot;}\" data-widget_type=\"heading.default\">\n\t\t\t\t<div class=\"elementor-widget-container\">\n\t\t\t\t\t<h2 class=\"elementor-heading-title elementor-size-default\">ABOUT US<\/h2>\t\t\t\t<\/div>\n\t\t\t\t<\/div>\n\t\t\t\t\t<\/div>\n\t\t<\/div>\n\t\t\t\t\t<\/div>\n\t\t<\/section>\n\t\t\t\t<section class=\"elementor-section elementor-top-section elementor-element elementor-element-3185cf04 elementor-reverse-mobile elementor-section-boxed elementor-section-height-default elementor-section-height-default\" data-id=\"3185cf04\" data-element_type=\"section\">\n\t\t\t\t\t\t<div class=\"elementor-container elementor-column-gap-default\">\n\t\t\t\t\t<div class=\"elementor-column elementor-col-50 elementor-top-column elementor-element elementor-element-166a9309\" data-id=\"166a9309\" data-element_type=\"column\">\n\t\t\t<div class=\"elementor-widget-wrap elementor-element-populated\">\n\t\t\t\t\t\t<div class=\"elementor-element elementor-element-57f8c3b7 elementor-invisible elementor-widget elementor-widget-image\" data-id=\"57f8c3b7\" data-element_type=\"widget\" data-settings=\"{&quot;_animation&quot;:&quot;fadeInRight&quot;}\" data-widget_type=\"image.default\">\n\t\t\t\t<div class=\"elementor-widget-container\">\n\t\t\t\t\t\t\t\t\t\t\t\t\t\t\t<img fetchpriority=\"high\" decoding=\"async\" width=\"1000\" height=\"729\" src=\"https:\/\/inssafreight.com.gt\/wp-content\/uploads\/2025\/03\/Quienessomos.jpg\" class=\"attachment-full size-full wp-image-1417\" alt=\"\" srcset=\"https:\/\/inssafreight.com.gt\/wp-content\/uploads\/2025\/03\/Quienessomos.jpg 1000w, https:\/\/inssafreight.com.gt\/wp-content\/uploads\/2025\/03\/Quienessomos-300x219.jpg 300w, https:\/\/inssafreight.com.gt\/wp-content\/uploads\/2025\/03\/Quienessomos-768x560.jpg 768w, https:\/\/inssafreight.com.gt\/wp-content\/uploads\/2025\/03\/Quienessomos-16x12.jpg 16w\" sizes=\"(max-width: 1000px) 100vw, 1000px\" \/>\t\t\t\t\t\t\t\t\t\t\t\t\t\t\t<\/div>\n\t\t\t\t<\/div>\n\t\t\t\t\t<\/div>\n\t\t<\/div>\n\t\t\t\t<div class=\"elementor-column elementor-col-50 elementor-top-column elementor-element elementor-element-139c8114 elementor-invisible\" data-id=\"139c8114\" data-element_type=\"column\" data-settings=\"{&quot;animation&quot;:&quot;fadeInRight&quot;}\">\n\t\t\t<div class=\"elementor-widget-wrap elementor-element-populated\">\n\t\t\t\t\t\t<div class=\"elementor-element elementor-element-566f83e elementor-widget elementor-widget-heading\" data-id=\"566f83e\" data-element_type=\"widget\" data-settings=\"{&quot;_animation&quot;:&quot;none&quot;}\" data-widget_type=\"heading.default\">\n\t\t\t\t<div class=\"elementor-widget-container\">\n\t\t\t\t\t<h2 class=\"elementor-heading-title elementor-size-default\">\u00bfAbout us?<\/h2>\t\t\t\t<\/div>\n\t\t\t\t<\/div>\n\t\t\t\t<div class=\"elementor-element elementor-element-7d5e37c1 elementor-widget elementor-widget-text-editor\" data-id=\"7d5e37c1\" data-element_type=\"widget\" data-widget_type=\"text-editor.default\">\n\t\t\t\t<div class=\"elementor-widget-container\">\n\t\t\t\t\t\t\t\t\t<p>We are a global logistics agency with more than 16 years of experience, based in Guatemala City. Belonging to a network of agents and partners worldwide, we meet the import and export demands of customers to and from any city in the world.<\/p><p>We focus on the constant and sophisticated needs of international trade through our personalized service.<\/p>\t\t\t\t\t\t\t\t<\/div>\n\t\t\t\t<\/div>\n\t\t\t\t\t<\/div>\n\t\t<\/div>\n\t\t\t\t\t<\/div>\n\t\t<\/section>\n\t\t<div class=\"elementor-element elementor-element-aa6c60a e-flex e-con-boxed elementor-invisible e-con e-parent\" data-id=\"aa6c60a\" data-element_type=\"container\" data-settings=\"{&quot;animation&quot;:&quot;fadeInLeft&quot;}\">\n\t\t\t\t\t<div class=\"e-con-inner\">\n\t\t\t\t<div class=\"elementor-element elementor-element-4e9c0e6 elementor-hidden-mobile elementor-widget elementor-widget-spacer\" data-id=\"4e9c0e6\" data-element_type=\"widget\" data-widget_type=\"spacer.default\">\n\t\t\t\t<div class=\"elementor-widget-container\">\n\t\t\t\t\t\t\t<div class=\"elementor-spacer\">\n\t\t\t<div class=\"elementor-spacer-inner\"><\/div>\n\t\t<\/div>\n\t\t\t\t\t\t<\/div>\n\t\t\t\t<\/div>\n\t\t\t\t<div class=\"elementor-element elementor-element-88c66f4 elementor-widget elementor-widget-heading\" data-id=\"88c66f4\" data-element_type=\"widget\" data-settings=\"{&quot;_animation&quot;:&quot;none&quot;}\" data-widget_type=\"heading.default\">\n\t\t\t\t<div class=\"elementor-widget-container\">\n\t\t\t\t\t<h2 class=\"elementor-heading-title elementor-size-default\">Our mission and vision <\/h2>\t\t\t\t<\/div>\n\t\t\t\t<\/div>\n\t\t\t\t<div class=\"elementor-element elementor-element-0676f4d elementor-widget-divider--view-line elementor-widget elementor-widget-divider\" data-id=\"0676f4d\" data-element_type=\"widget\" data-widget_type=\"divider.default\">\n\t\t\t\t<div class=\"elementor-widget-container\">\n\t\t\t\t\t\t\t<div class=\"elementor-divider\">\n\t\t\t<span class=\"elementor-divider-separator\">\n\t\t\t\t\t\t<\/span>\n\t\t<\/div>\n\t\t\t\t\t\t<\/div>\n\t\t\t\t<\/div>\n\t\t\t\t\t<\/div>\n\t\t\t\t<\/div>\n\t\t\t\t<section class=\"elementor-section elementor-top-section elementor-element elementor-element-850a092 elementor-section-boxed elementor-section-height-default elementor-section-height-default\" data-id=\"850a092\" data-element_type=\"section\">\n\t\t\t\t\t\t<div class=\"elementor-container elementor-column-gap-default\">\n\t\t\t\t\t<div class=\"elementor-column elementor-col-50 elementor-top-column elementor-element elementor-element-3e059094 elementor-invisible\" data-id=\"3e059094\" data-element_type=\"column\" data-settings=\"{&quot;animation&quot;:&quot;fadeInUp&quot;}\">\n\t\t\t<div class=\"elementor-widget-wrap elementor-element-populated\">\n\t\t\t\t\t\t<div class=\"elementor-element elementor-element-64459c4 elementor-view-framed elementor-shape-circle elementor-widget elementor-widget-icon\" data-id=\"64459c4\" data-element_type=\"widget\" data-widget_type=\"icon.default\">\n\t\t\t\t<div class=\"elementor-widget-container\">\n\t\t\t\t\t\t\t<div class=\"elementor-icon-wrapper\">\n\t\t\t<div class=\"elementor-icon elementor-animation-pulse\">\n\t\t\t<i aria-hidden=\"true\" class=\"icon icon-target-2\"><\/i>\t\t\t<\/div>\n\t\t<\/div>\n\t\t\t\t\t\t<\/div>\n\t\t\t\t<\/div>\n\t\t\t\t<div class=\"elementor-element elementor-element-b88a9ed elementor-view-stacked elementor-shape-circle elementor-position-top elementor-mobile-position-top elementor-widget elementor-widget-icon-box\" data-id=\"b88a9ed\" data-element_type=\"widget\" data-widget_type=\"icon-box.default\">\n\t\t\t\t<div class=\"elementor-widget-container\">\n\t\t\t\t\t\t\t<div class=\"elementor-icon-box-wrapper\">\n\n\t\t\t\t\t\t<div class=\"elementor-icon-box-icon\">\n\t\t\t\t<span  class=\"elementor-icon\">\n\t\t\t\t<svg aria-hidden=\"true\" class=\"e-font-icon-svg e-far-eye\" viewbox=\"0 0 576 512\" xmlns=\"http:\/\/www.w3.org\/2000\/svg\"><path d=\"M288 144a110.94 110.94 0 0 0-31.24 5 55.4 55.4 0 0 1 7.24 27 56 56 0 0 1-56 56 55.4 55.4 0 0 1-27-7.24A111.71 111.71 0 1 0 288 144zm284.52 97.4C518.29 135.59 410.93 64 288 64S57.68 135.64 3.48 241.41a32.35 32.35 0 0 0 0 29.19C57.71 376.41 165.07 448 288 448s230.32-71.64 284.52-177.41a32.35 32.35 0 0 0 0-29.19zM288 400c-98.65 0-189.09-55-237.93-144C98.91 167 189.34 112 288 112s189.09 55 237.93 144C477.1 345 386.66 400 288 400z\"><\/path><\/svg>\t\t\t\t<\/span>\n\t\t\t<\/div>\n\t\t\t\n\t\t\t\t\t\t<div class=\"elementor-icon-box-content\">\n\n\t\t\t\t\t\t\t\t\t<h3 class=\"elementor-icon-box-title\">\n\t\t\t\t\t\t<span  >\n\t\t\t\t\t\t\tMission\t\t\t\t\t\t<\/span>\n\t\t\t\t\t<\/h3>\n\t\t\t\t\n\t\t\t\t\t\t\t\t\t<p class=\"elementor-icon-box-description\">\n\t\t\t\t\t\tTo provide the best personalized service of integrated logistics at an international level, providing our customers with our capacity and experience.\t\t\t\t\t<\/p>\n\t\t\t\t\n\t\t\t<\/div>\n\t\t\t\n\t\t<\/div>\n\t\t\t\t\t\t<\/div>\n\t\t\t\t<\/div>\n\t\t\t\t\t<\/div>\n\t\t<\/div>\n\t\t\t\t<div class=\"elementor-column elementor-col-50 elementor-top-column elementor-element elementor-element-3ae81f3f elementor-invisible\" data-id=\"3ae81f3f\" data-element_type=\"column\" data-settings=\"{&quot;animation&quot;:&quot;fadeInUp&quot;}\">\n\t\t\t<div class=\"elementor-widget-wrap elementor-element-populated\">\n\t\t\t\t\t\t<div class=\"elementor-element elementor-element-d3588d5 elementor-view-framed elementor-shape-circle elementor-widget elementor-widget-icon\" data-id=\"d3588d5\" data-element_type=\"widget\" data-widget_type=\"icon.default\">\n\t\t\t\t<div class=\"elementor-widget-container\">\n\t\t\t\t\t\t\t<div class=\"elementor-icon-wrapper\">\n\t\t\t<div class=\"elementor-icon elementor-animation-pulse\">\n\t\t\t<svg aria-hidden=\"true\" class=\"e-font-icon-svg e-far-eye\" viewbox=\"0 0 576 512\" xmlns=\"http:\/\/www.w3.org\/2000\/svg\"><path d=\"M288 144a110.94 110.94 0 0 0-31.24 5 55.4 55.4 0 0 1 7.24 27 56 56 0 0 1-56 56 55.4 55.4 0 0 1-27-7.24A111.71 111.71 0 1 0 288 144zm284.52 97.4C518.29 135.59 410.93 64 288 64S57.68 135.64 3.48 241.41a32.35 32.35 0 0 0 0 29.19C57.71 376.41 165.07 448 288 448s230.32-71.64 284.52-177.41a32.35 32.35 0 0 0 0-29.19zM288 400c-98.65 0-189.09-55-237.93-144C98.91 167 189.34 112 288 112s189.09 55 237.93 144C477.1 345 386.66 400 288 400z\"><\/path><\/svg>\t\t\t<\/div>\n\t\t<\/div>\n\t\t\t\t\t\t<\/div>\n\t\t\t\t<\/div>\n\t\t\t\t<div class=\"elementor-element elementor-element-3e1ba5a elementor-view-stacked elementor-shape-circle elementor-position-top elementor-mobile-position-top elementor-widget elementor-widget-icon-box\" data-id=\"3e1ba5a\" data-element_type=\"widget\" data-widget_type=\"icon-box.default\">\n\t\t\t\t<div class=\"elementor-widget-container\">\n\t\t\t\t\t\t\t<div class=\"elementor-icon-box-wrapper\">\n\n\t\t\t\t\t\t<div class=\"elementor-icon-box-icon\">\n\t\t\t\t<span  class=\"elementor-icon\">\n\t\t\t\t<svg aria-hidden=\"true\" class=\"e-font-icon-svg e-far-eye\" viewbox=\"0 0 576 512\" xmlns=\"http:\/\/www.w3.org\/2000\/svg\"><path d=\"M288 144a110.94 110.94 0 0 0-31.24 5 55.4 55.4 0 0 1 7.24 27 56 56 0 0 1-56 56 55.4 55.4 0 0 1-27-7.24A111.71 111.71 0 1 0 288 144zm284.52 97.4C518.29 135.59 410.93 64 288 64S57.68 135.64 3.48 241.41a32.35 32.35 0 0 0 0 29.19C57.71 376.41 165.07 448 288 448s230.32-71.64 284.52-177.41a32.35 32.35 0 0 0 0-29.19zM288 400c-98.65 0-189.09-55-237.93-144C98.91 167 189.34 112 288 112s189.09 55 237.93 144C477.1 345 386.66 400 288 400z\"><\/path><\/svg>\t\t\t\t<\/span>\n\t\t\t<\/div>\n\t\t\t\n\t\t\t\t\t\t<div class=\"elementor-icon-box-content\">\n\n\t\t\t\t\t\t\t\t\t<h3 class=\"elementor-icon-box-title\">\n\t\t\t\t\t\t<span  >\n\t\t\t\t\t\t\tVision \t\t\t\t\t\t<\/span>\n\t\t\t\t\t<\/h3>\n\t\t\t\t\n\t\t\t\t\t\t\t\t\t<p class=\"elementor-icon-box-description\">\n\t\t\t\t\t\tTo provide customized logistics services to meet the needs of our customers.\u00a0\t\t\t\t\t<\/p>\n\t\t\t\t\n\t\t\t<\/div>\n\t\t\t\n\t\t<\/div>\n\t\t\t\t\t\t<\/div>\n\t\t\t\t<\/div>\n\t\t\t\t\t<\/div>\n\t\t<\/div>\n\t\t\t\t\t<\/div>\n\t\t<\/section>\n\t\t\t\t<\/div>","protected":false},"excerpt":{"rendered":"<p>SOBRE NOSOTROS \u00bfQui\u00e9nes Somos? Somos una agencia de log\u00edstica global con m\u00e1s de 16 a\u00f1os de experiencia, con sede en Ciudad de Guatemala. Perteneciendo a una red de agentes y socios a nivel mundial, satisfacemos las demandas de importaci\u00f3n y exportaci\u00f3n de clientes hacia y desde cualquier ciudad del mundo. Nos enfocamos en las constantes [&hellip;]<\/p>","protected":false},"author":1,"featured_media":0,"parent":0,"menu_order":0,"comment_status":"closed","ping_status":"closed","template":"elementor_header_footer","meta":{"footnotes":""},"class_list":["post-97","page","type-page","status-publish","hentry"],"yoast_head":"<!-- This site is optimized with the Yoast SEO plugin v25.1 - https:\/\/yoast.com\/wordpress\/plugins\/seo\/ -->\n<title>Quienes Somos - INSSAfreight<\/title>\n<meta name=\"robots\" content=\"index, follow, max-snippet:-1, max-image-preview:large, max-video-preview:-1\" \/>\n<link rel=\"canonical\" href=\"https:\/\/inssafreight.com.gt\/eng\/quienes-somos\/\" \/>\n<meta property=\"og:locale\" content=\"en_US\" \/>\n<meta property=\"og:type\" content=\"article\" \/>\n<meta property=\"og:title\" content=\"Quienes Somos - INSSAfreight\" \/>\n<meta property=\"og:description\" content=\"SOBRE NOSOTROS \u00bfQui\u00e9nes Somos? Somos una agencia de log\u00edstica global con m\u00e1s de 16 a\u00f1os de experiencia, con sede en Ciudad de Guatemala. Perteneciendo a una red de agentes y socios a nivel mundial, satisfacemos las demandas de importaci\u00f3n y exportaci\u00f3n de clientes hacia y desde cualquier ciudad del mundo. Nos enfocamos en las constantes [&hellip;]\" \/>\n<meta property=\"og:url\" content=\"https:\/\/inssafreight.com.gt\/eng\/quienes-somos\/\" \/>\n<meta property=\"og:site_name\" content=\"INSSAfreight\" \/>\n<meta property=\"article:publisher\" content=\"https:\/\/www.facebook.com\/InssaFreightGT\" \/>\n<meta property=\"article:modified_time\" content=\"2025-05-06T22:44:38+00:00\" \/>\n<meta property=\"og:image\" content=\"https:\/\/inssafreight.com.gt\/wp-content\/uploads\/2025\/03\/Quienessomos.jpg\" \/>\n\t<meta property=\"og:image:width\" content=\"1000\" \/>\n\t<meta property=\"og:image:height\" content=\"729\" \/>\n\t<meta property=\"og:image:type\" content=\"image\/jpeg\" \/>\n<meta name=\"twitter:card\" content=\"summary_large_image\" \/>\n<meta name=\"twitter:label1\" content=\"Est. reading time\" \/>\n\t<meta name=\"twitter:data1\" content=\"1 minute\" \/>\n<script type=\"application\/ld+json\" class=\"yoast-schema-graph\">{\"@context\":\"https:\/\/schema.org\",\"@graph\":[{\"@type\":\"WebPage\",\"@id\":\"https:\/\/inssafreight.com.gt\/quienes-somos\/\",\"url\":\"https:\/\/inssafreight.com.gt\/quienes-somos\/\",\"name\":\"Quienes Somos - INSSAfreight\",\"isPartOf\":{\"@id\":\"https:\/\/inssafreight.com.gt\/#website\"},\"primaryImageOfPage\":{\"@id\":\"https:\/\/inssafreight.com.gt\/quienes-somos\/#primaryimage\"},\"image\":{\"@id\":\"https:\/\/inssafreight.com.gt\/quienes-somos\/#primaryimage\"},\"thumbnailUrl\":\"https:\/\/inssafreight.com.gt\/wp-content\/uploads\/2025\/03\/Quienessomos.jpg\",\"datePublished\":\"2024-06-04T22:38:27+00:00\",\"dateModified\":\"2025-05-06T22:44:38+00:00\",\"breadcrumb\":{\"@id\":\"https:\/\/inssafreight.com.gt\/quienes-somos\/#breadcrumb\"},\"inLanguage\":\"en-US\",\"potentialAction\":[{\"@type\":\"ReadAction\",\"target\":[\"https:\/\/inssafreight.com.gt\/quienes-somos\/\"]}]},{\"@type\":\"ImageObject\",\"inLanguage\":\"en-US\",\"@id\":\"https:\/\/inssafreight.com.gt\/quienes-somos\/#primaryimage\",\"url\":\"https:\/\/inssafreight.com.gt\/wp-content\/uploads\/2025\/03\/Quienessomos.jpg\",\"contentUrl\":\"https:\/\/inssafreight.com.gt\/wp-content\/uploads\/2025\/03\/Quienessomos.jpg\"},{\"@type\":\"BreadcrumbList\",\"@id\":\"https:\/\/inssafreight.com.gt\/quienes-somos\/#breadcrumb\",\"itemListElement\":[{\"@type\":\"ListItem\",\"position\":1,\"name\":\"Portada\",\"item\":\"https:\/\/inssafreight.com.gt\/\"},{\"@type\":\"ListItem\",\"position\":2,\"name\":\"Quienes Somos\"}]},{\"@type\":\"WebSite\",\"@id\":\"https:\/\/inssafreight.com.gt\/#website\",\"url\":\"https:\/\/inssafreight.com.gt\/\",\"name\":\"INSSAfreight\",\"description\":\"\",\"publisher\":{\"@id\":\"https:\/\/inssafreight.com.gt\/#organization\"},\"potentialAction\":[{\"@type\":\"SearchAction\",\"target\":{\"@type\":\"EntryPoint\",\"urlTemplate\":\"https:\/\/inssafreight.com.gt\/?s={search_term_string}\"},\"query-input\":{\"@type\":\"PropertyValueSpecification\",\"valueRequired\":true,\"valueName\":\"search_term_string\"}}],\"inLanguage\":\"en-US\"},{\"@type\":\"Organization\",\"@id\":\"https:\/\/inssafreight.com.gt\/#organization\",\"name\":\"INSSAfreight\",\"url\":\"https:\/\/inssafreight.com.gt\/\",\"logo\":{\"@type\":\"ImageObject\",\"inLanguage\":\"en-US\",\"@id\":\"https:\/\/inssafreight.com.gt\/#\/schema\/logo\/image\/\",\"url\":\"https:\/\/inssafreight.com.gt\/wp-content\/uploads\/2024\/06\/LogoPrincipal.png\",\"contentUrl\":\"https:\/\/inssafreight.com.gt\/wp-content\/uploads\/2024\/06\/LogoPrincipal.png\",\"width\":500,\"height\":278,\"caption\":\"INSSAfreight\"},\"image\":{\"@id\":\"https:\/\/inssafreight.com.gt\/#\/schema\/logo\/image\/\"},\"sameAs\":[\"https:\/\/www.facebook.com\/InssaFreightGT\",\"https:\/\/www.linkedin.com\/company\/inssafreight\/?originalSubdomain=gt\",\"https:\/\/www.instagram.com\/inssa.freight\"]}]}<\/script>\n<!-- \/ Yoast SEO plugin. -->","yoast_head_json":{"title":"Quienes Somos - INSSAfreight","robots":{"index":"index","follow":"follow","max-snippet":"max-snippet:-1","max-image-preview":"max-image-preview:large","max-video-preview":"max-video-preview:-1"},"canonical":"https:\/\/inssafreight.com.gt\/eng\/quienes-somos\/","og_locale":"en_US","og_type":"article","og_title":"Quienes Somos - INSSAfreight","og_description":"SOBRE NOSOTROS \u00bfQui\u00e9nes Somos? Somos una agencia de log\u00edstica global con m\u00e1s de 16 a\u00f1os de experiencia, con sede en Ciudad de Guatemala. Perteneciendo a una red de agentes y socios a nivel mundial, satisfacemos las demandas de importaci\u00f3n y exportaci\u00f3n de clientes hacia y desde cualquier ciudad del mundo. Nos enfocamos en las constantes [&hellip;]","og_url":"https:\/\/inssafreight.com.gt\/eng\/quienes-somos\/","og_site_name":"INSSAfreight","article_publisher":"https:\/\/www.facebook.com\/InssaFreightGT","article_modified_time":"2025-05-06T22:44:38+00:00","og_image":[{"width":1000,"height":729,"url":"https:\/\/inssafreight.com.gt\/wp-content\/uploads\/2025\/03\/Quienessomos.jpg","type":"image\/jpeg"}],"twitter_card":"summary_large_image","twitter_misc":{"Est. reading time":"1 minute"},"schema":{"@context":"https:\/\/schema.org","@graph":[{"@type":"WebPage","@id":"https:\/\/inssafreight.com.gt\/quienes-somos\/","url":"https:\/\/inssafreight.com.gt\/quienes-somos\/","name":"Quienes Somos - INSSAfreight","isPartOf":{"@id":"https:\/\/inssafreight.com.gt\/#website"},"primaryImageOfPage":{"@id":"https:\/\/inssafreight.com.gt\/quienes-somos\/#primaryimage"},"image":{"@id":"https:\/\/inssafreight.com.gt\/quienes-somos\/#primaryimage"},"thumbnailUrl":"https:\/\/inssafreight.com.gt\/wp-content\/uploads\/2025\/03\/Quienessomos.jpg","datePublished":"2024-06-04T22:38:27+00:00","dateModified":"2025-05-06T22:44:38+00:00","breadcrumb":{"@id":"https:\/\/inssafreight.com.gt\/quienes-somos\/#breadcrumb"},"inLanguage":"en-US","potentialAction":[{"@type":"ReadAction","target":["https:\/\/inssafreight.com.gt\/quienes-somos\/"]}]},{"@type":"ImageObject","inLanguage":"en-US","@id":"https:\/\/inssafreight.com.gt\/quienes-somos\/#primaryimage","url":"https:\/\/inssafreight.com.gt\/wp-content\/uploads\/2025\/03\/Quienessomos.jpg","contentUrl":"https:\/\/inssafreight.com.gt\/wp-content\/uploads\/2025\/03\/Quienessomos.jpg"},{"@type":"BreadcrumbList","@id":"https:\/\/inssafreight.com.gt\/quienes-somos\/#breadcrumb","itemListElement":[{"@type":"ListItem","position":1,"name":"Portada","item":"https:\/\/inssafreight.com.gt\/"},{"@type":"ListItem","position":2,"name":"Quienes Somos"}]},{"@type":"WebSite","@id":"https:\/\/inssafreight.com.gt\/#website","url":"https:\/\/inssafreight.com.gt\/","name":"INSSAfreight","description":"","publisher":{"@id":"https:\/\/inssafreight.com.gt\/#organization"},"potentialAction":[{"@type":"SearchAction","target":{"@type":"EntryPoint","urlTemplate":"https:\/\/inssafreight.com.gt\/?s={search_term_string}"},"query-input":{"@type":"PropertyValueSpecification","valueRequired":true,"valueName":"search_term_string"}}],"inLanguage":"en-US"},{"@type":"Organization","@id":"https:\/\/inssafreight.com.gt\/#organization","name":"INSSAfreight","url":"https:\/\/inssafreight.com.gt\/","logo":{"@type":"ImageObject","inLanguage":"en-US","@id":"https:\/\/inssafreight.com.gt\/#\/schema\/logo\/image\/","url":"https:\/\/inssafreight.com.gt\/wp-content\/uploads\/2024\/06\/LogoPrincipal.png","contentUrl":"https:\/\/inssafreight.com.gt\/wp-content\/uploads\/2024\/06\/LogoPrincipal.png","width":500,"height":278,"caption":"INSSAfreight"},"image":{"@id":"https:\/\/inssafreight.com.gt\/#\/schema\/logo\/image\/"},"sameAs":["https:\/\/www.facebook.com\/InssaFreightGT","https:\/\/www.linkedin.com\/company\/inssafreight\/?originalSubdomain=gt","https:\/\/www.instagram.com\/inssa.freight"]}]}},"_links":{"self":[{"href":"https:\/\/inssafreight.com.gt\/eng\/wp-json\/wp\/v2\/pages\/97","targetHints":{"allow":["GET"]}}],"collection":[{"href":"https:\/\/inssafreight.com.gt\/eng\/wp-json\/wp\/v2\/pages"}],"about":[{"href":"https:\/\/inssafreight.com.gt\/eng\/wp-json\/wp\/v2\/types\/page"}],"author":[{"embeddable":true,"href":"https:\/\/inssafreight.com.gt\/eng\/wp-json\/wp\/v2\/users\/1"}],"replies":[{"embeddable":true,"href":"https:\/\/inssafreight.com.gt\/eng\/wp-json\/wp\/v2\/comments?post=97"}],"version-history":[{"count":133,"href":"https:\/\/inssafreight.com.gt\/eng\/wp-json\/wp\/v2\/pages\/97\/revisions"}],"predecessor-version":[{"id":1762,"href":"https:\/\/inssafreight.com.gt\/eng\/wp-json\/wp\/v2\/pages\/97\/revisions\/1762"}],"wp:attachment":[{"href":"https:\/\/inssafreight.com.gt\/eng\/wp-json\/wp\/v2\/media?parent=97"}],"curies":[{"name":"wp","href":"https:\/\/api.w.org\/{rel}","templated":true}]}}